{"id":38,"date":"2014-08-07T11:24:27","date_gmt":"2014-08-07T11:24:27","guid":{"rendered":"http:\/\/jovicatomasevic.com\/jt\/?page_id=38"},"modified":"2014-08-26T17:42:00","modified_gmt":"2014-08-26T17:42:00","slug":"biografija","status":"publish","type":"page","link":"https:\/\/jovicatomasevic.com\/jt\/biografija\/","title":{"rendered":"Biografija"},"content":{"rendered":"<div class=\"polovina\">\nRo\u0111en 1974.godine. Prve korake u svet slikarstva pravi 1988.godine, kada kre\u0107e u likovni studio pri Domu omladine u Sremskoj Mitrovici. Tu sti\u010de osnovna znanja u crtanju i slikanju.<br \/>\nProfesionalno se bavi slikarstvom od 1999.godine. Od 2000.do 2005.god. pro\u0161iruje svoja znanja i usavr\u0161ava se u ateljeu mr. Dragana Martinovi\u0107a, jednog od najve\u0107ih slikara realizma ovih prostora. 2002.god. postaje \u010dlan likovnog udru\u017eenja \u201cESNAF\u201d.<br \/>\nIzlagao na dve samostalne i oko dvadeset kolektivnih izlo\u017ebi. Zastupljen u mnogobrojnim kolekcijama u zemlji i inostranstvu. Zivi i radi u Sremskoj Mitrovici.<br \/>\n<strong>Samostalne izlo\u017ebe ~ Solo exhibitions:<\/strong><br \/>\n\u201cZvorni\u010dko Leto\u201d- Zvornik 2000.<br \/>\nGalerija \u201cAtrium\u201d- Kotor 2003.<br \/>\n<strong>Zajedni\u010dke izlo\u017ebe ~ Group exhibitions:<\/strong><br \/>\nGalerija \u201cLazar Vozarevi\u0107\u201d- Sr.Mitrovica 2000.<br \/>\nGalerija \u201cLazar Vozarevi\u0107\u201d Sr.Mitrovica 2002.<br \/>\n\u201cLikovna jesen\u201d- Sombor 2002.<br \/>\nGradska galerija- Vrbas 2003.<br \/>\nKulturni centar- N.Be\u010dej 2003.<br \/>\nGradska galerija- Be\u010dej 2003.<br \/>\nKulturni centar -Srbobran 2003.<br \/>\nDom Armije- Beograd 2003.<br \/>\nDom Ratnog Vazduhoplovstva- Zemun 2004.<br \/>\nGalerija \u201cLazar Vozarevi\u0107\u201d- Sr.Mitrovica 2004.<br \/>\nNarodni muzej- Bela Crkva 2004.<br \/>\nDom Revolucije -Prokuplje 2005.<br \/>\nDom kulture- \u010ca\u010dak 2005.<br \/>\nNarodni muzej -Valjevo 2005.<br \/>\nGalerija \u201cProgres\u201d -Beograd 2005.<br \/>\nKulturni centar \u201cLarotonda\u201d -Monca 2006.<br \/>\nKonzulat SCG -Milano 2006.<br \/>\nBeograd &#8211; Galerija Helena (16. novembar 2007.)<br \/>\nRuma &#8211; Narodni muzej (20. oktobar 2007.)<br \/>\nSremska Mitrovica &#8211; Galerija Lazar Vozarevi\u0107 (3. septembar 2007.)<br \/>\n\u0160id &#8211; Rodna ku\u0107a Save \u0160umanovi\u0107a (27. avgust 2007.)<br \/>\nMokra Gora &#8211; Kolonija ESNAFA (25. jul &#8211; 2. avgust 2007.)<br \/>\nDimitrovgrad &#8211; Gradska galerija (maj 2007.)<br \/>\nNovi Sad &#8211; Novosadski Sajam &#8211; Sajam umetnosti (mart 2007.)<br \/>\nSovljak &#8211; Etno park (4. avgust 2008.)\n<\/div>\n<div class=\"polovina\">\nSvilajnac &#8211; Kulturni centar (18. jun 2008.)<br \/>\nBa\u010dka Palanka &#8211; Galerija Kulturnog centra (27. maj 2008.)<br \/>\n\u0160abac &#8211; Narodni muzej (24. maj 2008.)<br \/>\nBeograd &#8211; Galerija \u0160panac (5. mart 2008.)<br \/>\nIn\u0111ija &#8211; Kulturni centar &#8211; Galerija Ku\u0107e Vojnovi\u0107a (13. &#8211; 30. novembar 2009.)<br \/>\nSremska Mitrovica &#8211; Galerija Lazar Vozarevi\u0107 (3. &#8211; 26. septembar 2009.)<br \/>\nKovin &#8211; Centar za kulturu (5. &#8211; 20. maj 2009.)<br \/>\nNovi Sad &#8211; Galerija La Vista (8. mart &#8211; 1. april 2009.)<br \/>\nSremska Mitrovica &#8211; Galerija Lazar Vozarevi\u0107 (3. &#8211; 20. septembar 2010.)<br \/>\nNovi Be\u010dej &#8211; Dom kulture &#8211; Galerija &#8220;Selo&#8221; (9. &#8211; 25. jul 2010.)<br \/>\nTemerin &#8211; Kulturno informativni centar &#8220;Lukijan Mu\u0161icki&#8221; (25. jun &#8211; 5. jul 2010.)<br \/>\nNovo Milo\u0161evo &#8211; Banatski kulturni centar (29. maj &#8211; 15. jun 2010.)<br \/>\nSremska Mitrovica &#8211; Carska palata (15. maj 2010., No\u0107 muzeja)<br \/>\nNovi Sad &#8211; Galerija La Vista (7. &#8211; 22 . maj 2010.)<br \/>\nSremska Mitrovica &#8211; Galerija Lazar Vozarevi\u0107 (3. septembar 2012.)<br \/>\nNovi Sad &#8211; Galerija Atina ( 3. mart 2012.)<br \/>\nSremska Mitrovica &#8211; Galerija Martin Centar ( 5. novembra &#8211; 3. decembar 2011.)<br \/>\nSremska Mitrovica &#8211; Galerija Lazar Vozarevi\u0107 (3. septembar 2011.)<br \/>\nSofija, Bugarska &#8211; Ambasada Republike Srbiju u Republici Bugarskoj (21. februar 2011.)<\/div>\n","protected":false},"excerpt":{"rendered":"<p>Ro\u0111en 1974.godine. Prve korake u svet slikarstva pravi 1988.godine, kada kre\u0107e u likovni studio pri Domu omladine u Sremskoj Mitrovici. Tu sti\u010de osnovna znanja u crtanju i slikanju. Profesionalno se bavi slikarstvom od 1999.godine. Od [&hellip;]<\/p>\n","protected":false},"author":1,"featured_media":0,"parent":0,"menu_order":0,"comment_status":"open","ping_status":"open","template":"","meta":{"ngg_post_thumbnail":0,"footnotes":""},"_links":{"self":[{"href":"https:\/\/jovicatomasevic.com\/jt\/wp-json\/wp\/v2\/pages\/38"}],"collection":[{"href":"https:\/\/jovicatomasevic.com\/jt\/wp-json\/wp\/v2\/pages"}],"about":[{"href":"https:\/\/jovicatomasevic.com\/jt\/wp-json\/wp\/v2\/types\/page"}],"author":[{"embeddable":true,"href":"https:\/\/jovicatomasevic.com\/jt\/wp-json\/wp\/v2\/users\/1"}],"replies":[{"embeddable":true,"href":"https:\/\/jovicatomasevic.com\/jt\/wp-json\/wp\/v2\/comments?post=38"}],"version-history":[{"count":0,"href":"https:\/\/jovicatomasevic.com\/jt\/wp-json\/wp\/v2\/pages\/38\/revisions"}],"wp:attachment":[{"href":"https:\/\/jovicatomasevic.com\/jt\/wp-json\/wp\/v2\/media?parent=38"}],"curies":[{"name":"wp","href":"https:\/\/api.w.org\/{rel}","templated":true}]}}