{"id":26,"date":"2014-08-07T10:38:16","date_gmt":"2014-08-07T10:38:16","guid":{"rendered":"http:\/\/jovicatomasevic.com\/jt\/?page_id=26"},"modified":"2014-08-07T14:10:59","modified_gmt":"2014-08-07T14:10:59","slug":"kritika","status":"publish","type":"page","link":"https:\/\/jovicatomasevic.com\/jt\/kritika\/","title":{"rendered":"Kritika"},"content":{"rendered":"<div class=\"polovina\">\nJovica Toma\u0161evi\u0107, reinkarnirani Flamanac, lutalica po nepreglednom polju vizuelnog, svoje majstorsko znanje oku\u0161ava u susretu sa raznim temama. Prosto je nemogu\u0107e rangirati da li je uspe\u0161niji kad slika mrtvu prirodu, akt ili pejza\u017e. Danas je to autenti\u010dni stvaralac sa o\u010diglednim kvalitetima pravog majstora. Njegova zaljubljenost u stare majstore je prva asocijacija koja ispliva u susretu sa njegovim slikama. Protok vremena omogu\u0107i\u0107e mu da svoja dela svrsta u tematske celine, \u0161to \u0107e sigurno doneti novi kvalitet.<br \/>\nU vremenima kada ve\u0107ina pravu umetnost progla\u0161ava mrtvom, kada je civilizacijski otpad sakupljen na jedno mesto \u201cgenijalno novo umetni\u010dko delo\u201d, kada se \u017eivi petsto na sat, ovaj panonac usamljeni\u010dki, temeljno i kao stari majstori, sla\u017ee emocije, boje i iskustvo uprkos svakodnevnom beznadju i kreativnoj nemo\u0107i koja \u0107e ipak nestati, zahvaljuju\u0107i ovakvim posve\u0107enicima, kao na\u0161e Panonsko more.<\/p>\n<p style=\"text-align: right;\"><em>mr. Dragan Martinovi\u0107<br \/>\nAkademski slikar<\/em><\/p>\n<\/div>\n<div class=\"polovina\">\nKao slikar mrtvih priroda, Jovica Toma\u0161evi\u0107 je u taj \u017eanr uneo neke posebnosti. Te\u0161ko je re\u0107i da li su njegove slike hiperrealisti\u010dke ili realisti\u010dke, tradicionalne ili moderne. On traga za stilskim odlikama i malim pomacima, vra\u0107aju\u0107i danas zaboravljeno autorstvo i individualnost. U nekim njegovim radovima je nagla\u0161en odnos izme\u0111u savremenog i pro\u0161log, citata i originala, vi\u0111enog i naslikanog, figure i mrtve prirode. Druge slike nose skrivena zna\u010denja i u njima su istra\u017eene neke osobenosti \u017eanra. Toma\u0161evi\u0107, nalik starim majstorima, \u0161ifriranim jezikom ikonografa upu\u0107uje na slikarstvo kao konkretizaciju \u010dulnog i simboli\u010dko-predmetnog. Naslikani objekti se odnose na \u010dula, a ona na vrste umetnosti. Slikar \u017eeli da se potpuno pribli\u017ei stvarnosti, da je razume u apsolutnom smislu. Zato preispituje tradicionalni slikarski zanat, crte\u017e, boju i kompoziciju, problematizuje istoriju \u017eanra postavljaju\u0107i iznova pitanje da li je umetnost \u010dulna ili idejna, pripada li sferi ose\u0107anja ili koncepta. Razmatra staro i novo, predmet i figuru, fresku iz Pompeje i mrtvu prirodu. Istorizuju\u0107i medij, pribli\u017eio se idejnom svetu anahronista devedesetih godina dvadesetog veka kao na\u0161 poslednji predstavnik slikarstva istorije.<\/em><\/p>\n<p style=\"text-align: right;\"><em>Dejan \u0110ori\u0107<br \/>\nlikovni kriti\u010dar i teoreti\u010dar umetnosti<br \/>\n(kritika objavljena u knjizi Dejana \u0110ori\u0107a &#8220;Stvarnost umetnosti<br \/>\n&#8211; uvod u studije realizma&#8221;, izdata 2008. godine)<\/em><\/p>\n<\/div>\n","protected":false},"excerpt":{"rendered":"<p>Jovica Toma\u0161evi\u0107, reinkarnirani Flamanac, lutalica po nepreglednom polju vizuelnog, svoje majstorsko znanje oku\u0161ava u susretu sa raznim temama. Prosto je nemogu\u0107e rangirati da li je uspe\u0161niji kad slika mrtvu prirodu, akt ili pejza\u017e. Danas je [&hellip;]<\/p>\n","protected":false},"author":1,"featured_media":0,"parent":0,"menu_order":0,"comment_status":"open","ping_status":"open","template":"","meta":{"ngg_post_thumbnail":0,"footnotes":""},"_links":{"self":[{"href":"https:\/\/jovicatomasevic.com\/jt\/wp-json\/wp\/v2\/pages\/26"}],"collection":[{"href":"https:\/\/jovicatomasevic.com\/jt\/wp-json\/wp\/v2\/pages"}],"about":[{"href":"https:\/\/jovicatomasevic.com\/jt\/wp-json\/wp\/v2\/types\/page"}],"author":[{"embeddable":true,"href":"https:\/\/jovicatomasevic.com\/jt\/wp-json\/wp\/v2\/users\/1"}],"replies":[{"embeddable":true,"href":"https:\/\/jovicatomasevic.com\/jt\/wp-json\/wp\/v2\/comments?post=26"}],"version-history":[{"count":0,"href":"https:\/\/jovicatomasevic.com\/jt\/wp-json\/wp\/v2\/pages\/26\/revisions"}],"wp:attachment":[{"href":"https:\/\/jovicatomasevic.com\/jt\/wp-json\/wp\/v2\/media?parent=26"}],"curies":[{"name":"wp","href":"https:\/\/api.w.org\/{rel}","templated":true}]}}