{"id":242,"date":"2014-08-07T15:32:54","date_gmt":"2014-08-07T15:32:54","guid":{"rendered":"http:\/\/jovicatomasevic.com\/jt\/?page_id=242"},"modified":"2025-01-29T15:40:38","modified_gmt":"2025-01-29T15:40:38","slug":"prodajna-galerija","status":"publish","type":"page","link":"https:\/\/jovicatomasevic.com\/jt\/prodajna-galerija\/","title":{"rendered":"Prodajna galerija"},"content":{"rendered":"<p style=\"text-align: center;\"><em>Za informacije o cenama i dostupnosti slika u prodajnoj galeriji,ili za mogu\u0107nost poru\u010divanja nekog motiva,budite slobodni da mi se obratite na email: <a href=\"mailto:jtomasevicm@gmail.com\">jtomasevicm@gmail.com<\/a> ili na broj&nbsp; telefona +381.63.809.5944&nbsp; &nbsp;<\/em><\/p>\n<p style=\"text-align: center;\"><em>Tako\u0111e,slobodnih slika, mo\u017eete prona\u0107i u galerijama &#8220;Beli An\u0111eo&#8221; www.artbeliandjeo.rs &nbsp;+381.11.286 .27 .61 ;+381.63.89 4.4 824<\/em><\/p>\n<p>i online galeriji Darka Lazi\u0107a https:\/\/prodajaslika.info\/ i https:\/\/umetnickeslike.org\/ tel: 0642626497<\/p>\n\n<div class=\"ngg-galleryoverview caption-view \n ngg-ajax-pagination-none\"\n\tid=\"ngg-gallery-d9f056c77417d4853fc0dbe2b11499d4-1\">\n\n\t<div class=\"ngg-caption-view-wrapper\">\n\t\t\t\t\t\t\t\t\t\t<div id=\"ngg-image-0\" class=\"ngg-gallery-thumbnail-box \n\t\t\t\t\t\t\t\t\t\tngg-4-columns\t\t\t\t\t\" \n\t\t\t\t\t>\n\t\t\t\t\t\t\t\t\t\t\t\t\t<div class=\"ngg-gallery-thumbnail\">\n\t\t\t\t\t\t\t\t<a href=\"https:\/\/jovicatomasevic.com\/jt\/wp-content\/gallery\/prodajna\/Patrijarh-Pavle315x21cm2024.jpg\"\n\t\t\t\t\t\t\t\t\ttitle=\"&lt;strong&gt;Patrijarh Pavle&lt;\/strong&gt;&lt;br \/&gt;31,5x21cm, 2025.\"\n\t\t\t\t\t\t\t\t\tdata-src=\"https:\/\/jovicatomasevic.com\/jt\/wp-content\/gallery\/prodajna\/Patrijarh-Pavle315x21cm2024.jpg\"\n\t\t\t\t\t\t\t\t\tdata-thumbnail=\"https:\/\/jovicatomasevic.com\/jt\/wp-content\/gallery\/prodajna\/thumbs\/thumbs_Patrijarh-Pavle315x21cm2024.jpg\"\n\t\t\t\t\t\t\t\t\tdata-image-id=\"492\"\n\t\t\t\t\t\t\t\t\tdata-title=\"Patrijarh-Pavle315x21cm2024\"\n\t\t\t\t\t\t\t\t\tdata-description=\"&lt;strong&gt;Patrijarh Pavle&lt;\/strong&gt;&lt;br \/&gt;31,5x21cm, 2025.\"\n\t\t\t\t\t\t\t\t\tdata-image-slug=\"patrijarh-pavle315x21cm2024\"\n\t\t\t\t\t\t\t\t\tclass=\"ngg-fancybox\" rel=\"d9f056c77417d4853fc0dbe2b11499d4\">\n\t\t\t\t\t\t\t\t\t<img title=\"Patrijarh-Pavle315x21cm2024\"\n\t\t\t\t\t\t\t\t\t\talt=\"Patrijarh-Pavle315x21cm2024\"\n\t\t\t\t\t\t\t\t\t\tsrc=\"https:\/\/jovicatomasevic.com\/jt\/wp-content\/gallery\/prodajna\/cache\/Patrijarh-Pavle315x21cm2024.jpg-nggid03492-ngg0dyn-250x250x100-00f0w010c011r110f110r010t010.jpg\"\n\t\t\t\t\t\t\t\t\t\twidth=\"250\"\n\t\t\t\t\t\t\t\t\t\theight=\"250\"\n\t\t\t\t\t\t\t\t\t\tstyle=\"max-width:100%;\"\/>\n\t\t\t\t\t\t\t\t<\/a>\n\t\t\t\t\t\t\t\t\t\t\t\t\t\t\t\t\t<span style=\"max-width: 250px\">\n\t\t\t\t\t\t\t\t\t\t<strong>Patrijarh Pavle<\/strong><br \/>31,5x21cm, 2025.\t\t\t\t\t\t\t\t\t<\/span>\n\t\t\t\t\t\t\t\t\t\t\t\t\t\t\t<\/div>\n\t\t\t\t\t\t\t\t\t\t\t<\/div>\n\t\t\t\t\t\t\t\t\t\t\t\t<div id=\"ngg-image-1\" class=\"ngg-gallery-thumbnail-box \n\t\t\t\t\t\t\t\t\t\tngg-4-columns\t\t\t\t\t\" \n\t\t\t\t\t>\n\t\t\t\t\t\t\t\t\t\t\t\t\t<div class=\"ngg-gallery-thumbnail\">\n\t\t\t\t\t\t\t\t<a href=\"https:\/\/jovicatomasevic.com\/jt\/wp-content\/gallery\/prodajna\/Po-Aivazovskom-47x70cm2025.jpg\"\n\t\t\t\t\t\t\t\t\ttitle=\"&lt;strong&gt;Po Aivazovskom&lt;\/strong&gt;&lt;br \/&gt;47x70cm, 2025.\"\n\t\t\t\t\t\t\t\t\tdata-src=\"https:\/\/jovicatomasevic.com\/jt\/wp-content\/gallery\/prodajna\/Po-Aivazovskom-47x70cm2025.jpg\"\n\t\t\t\t\t\t\t\t\tdata-thumbnail=\"https:\/\/jovicatomasevic.com\/jt\/wp-content\/gallery\/prodajna\/thumbs\/thumbs_Po-Aivazovskom-47x70cm2025.jpg\"\n\t\t\t\t\t\t\t\t\tdata-image-id=\"490\"\n\t\t\t\t\t\t\t\t\tdata-title=\"Po-Aivazovskom-47x70cm2025\"\n\t\t\t\t\t\t\t\t\tdata-description=\"&lt;strong&gt;Po Aivazovskom&lt;\/strong&gt;&lt;br \/&gt;47x70cm, 2025.\"\n\t\t\t\t\t\t\t\t\tdata-image-slug=\"po-aivazovskom-47x70cm2025\"\n\t\t\t\t\t\t\t\t\tclass=\"ngg-fancybox\" rel=\"d9f056c77417d4853fc0dbe2b11499d4\">\n\t\t\t\t\t\t\t\t\t<img title=\"Po-Aivazovskom-47x70cm2025\"\n\t\t\t\t\t\t\t\t\t\talt=\"Po-Aivazovskom-47x70cm2025\"\n\t\t\t\t\t\t\t\t\t\tsrc=\"https:\/\/jovicatomasevic.com\/jt\/wp-content\/gallery\/prodajna\/cache\/Po-Aivazovskom-47x70cm2025.jpg-nggid03490-ngg0dyn-250x250x100-00f0w010c011r110f110r010t010.jpg\"\n\t\t\t\t\t\t\t\t\t\twidth=\"250\"\n\t\t\t\t\t\t\t\t\t\theight=\"250\"\n\t\t\t\t\t\t\t\t\t\tstyle=\"max-width:100%;\"\/>\n\t\t\t\t\t\t\t\t<\/a>\n\t\t\t\t\t\t\t\t\t\t\t\t\t\t\t\t\t<span style=\"max-width: 250px\">\n\t\t\t\t\t\t\t\t\t\t<strong>Po Aivazovskom<\/strong><br \/>47x70cm, 2025.\t\t\t\t\t\t\t\t\t<\/span>\n\t\t\t\t\t\t\t\t\t\t\t\t\t\t\t<\/div>\n\t\t\t\t\t\t\t\t\t\t\t<\/div>\n\t\t\t\t\t\t\t\t\t\t\t\t<div id=\"ngg-image-2\" class=\"ngg-gallery-thumbnail-box \n\t\t\t\t\t\t\t\t\t\tngg-4-columns\t\t\t\t\t\" \n\t\t\t\t\t>\n\t\t\t\t\t\t\t\t\t\t\t\t\t<div class=\"ngg-gallery-thumbnail\">\n\t\t\t\t\t\t\t\t<a href=\"https:\/\/jovicatomasevic.com\/jt\/wp-content\/gallery\/prodajna\/Po-Aivazovskom-47x52cm2025.jpg\"\n\t\t\t\t\t\t\t\t\ttitle=\"&lt;strong&gt;Po Aivazovskom&lt;\/strong&gt;&lt;br \/&gt;47x52cm, 2025.\"\n\t\t\t\t\t\t\t\t\tdata-src=\"https:\/\/jovicatomasevic.com\/jt\/wp-content\/gallery\/prodajna\/Po-Aivazovskom-47x52cm2025.jpg\"\n\t\t\t\t\t\t\t\t\tdata-thumbnail=\"https:\/\/jovicatomasevic.com\/jt\/wp-content\/gallery\/prodajna\/thumbs\/thumbs_Po-Aivazovskom-47x52cm2025.jpg\"\n\t\t\t\t\t\t\t\t\tdata-image-id=\"491\"\n\t\t\t\t\t\t\t\t\tdata-title=\"Po-Aivazovskom-47x52cm2025\"\n\t\t\t\t\t\t\t\t\tdata-description=\"&lt;strong&gt;Po Aivazovskom&lt;\/strong&gt;&lt;br \/&gt;47x52cm, 2025.\"\n\t\t\t\t\t\t\t\t\tdata-image-slug=\"po-aivazovskom-47x52cm2025\"\n\t\t\t\t\t\t\t\t\tclass=\"ngg-fancybox\" rel=\"d9f056c77417d4853fc0dbe2b11499d4\">\n\t\t\t\t\t\t\t\t\t<img title=\"Po-Aivazovskom-47x52cm2025\"\n\t\t\t\t\t\t\t\t\t\talt=\"Po-Aivazovskom-47x52cm2025\"\n\t\t\t\t\t\t\t\t\t\tsrc=\"https:\/\/jovicatomasevic.com\/jt\/wp-content\/gallery\/prodajna\/cache\/Po-Aivazovskom-47x52cm2025.jpg-nggid03491-ngg0dyn-250x250x100-00f0w010c011r110f110r010t010.jpg\"\n\t\t\t\t\t\t\t\t\t\twidth=\"250\"\n\t\t\t\t\t\t\t\t\t\theight=\"250\"\n\t\t\t\t\t\t\t\t\t\tstyle=\"max-width:100%;\"\/>\n\t\t\t\t\t\t\t\t<\/a>\n\t\t\t\t\t\t\t\t\t\t\t\t\t\t\t\t\t<span style=\"max-width: 250px\">\n\t\t\t\t\t\t\t\t\t\t<strong>Po Aivazovskom<\/strong><br \/>47x52cm, 2025.\t\t\t\t\t\t\t\t\t<\/span>\n\t\t\t\t\t\t\t\t\t\t\t\t\t\t\t<\/div>\n\t\t\t\t\t\t\t\t\t\t\t<\/div>\n\t\t\t\t\t\t\t\t\t\t\t\t<div id=\"ngg-image-3\" class=\"ngg-gallery-thumbnail-box \n\t\t\t\t\t\t\t\t\t\tngg-4-columns\t\t\t\t\t\" \n\t\t\t\t\t>\n\t\t\t\t\t\t\t\t\t\t\t\t\t<div class=\"ngg-gallery-thumbnail\">\n\t\t\t\t\t\t\t\t<a href=\"https:\/\/jovicatomasevic.com\/jt\/wp-content\/gallery\/prodajna\/Dunje-305x60cm2023.jpg\"\n\t\t\t\t\t\t\t\t\ttitle=\"&lt;strong&gt;Dunje&lt;\/strong&gt;&lt;br \/&gt;30,5x60cm, 2023.\"\n\t\t\t\t\t\t\t\t\tdata-src=\"https:\/\/jovicatomasevic.com\/jt\/wp-content\/gallery\/prodajna\/Dunje-305x60cm2023.jpg\"\n\t\t\t\t\t\t\t\t\tdata-thumbnail=\"https:\/\/jovicatomasevic.com\/jt\/wp-content\/gallery\/prodajna\/thumbs\/thumbs_Dunje-305x60cm2023.jpg\"\n\t\t\t\t\t\t\t\t\tdata-image-id=\"489\"\n\t\t\t\t\t\t\t\t\tdata-title=\"Dunje-305x60cm2023\"\n\t\t\t\t\t\t\t\t\tdata-description=\"&lt;strong&gt;Dunje&lt;\/strong&gt;&lt;br \/&gt;30,5x60cm, 2023.\"\n\t\t\t\t\t\t\t\t\tdata-image-slug=\"dunje-305x60cm2023\"\n\t\t\t\t\t\t\t\t\tclass=\"ngg-fancybox\" rel=\"d9f056c77417d4853fc0dbe2b11499d4\">\n\t\t\t\t\t\t\t\t\t<img title=\"Dunje-305x60cm2023\"\n\t\t\t\t\t\t\t\t\t\talt=\"Dunje-305x60cm2023\"\n\t\t\t\t\t\t\t\t\t\tsrc=\"https:\/\/jovicatomasevic.com\/jt\/wp-content\/gallery\/prodajna\/cache\/Dunje-305x60cm2023.jpg-nggid03489-ngg0dyn-250x250x100-00f0w010c011r110f110r010t010.jpg\"\n\t\t\t\t\t\t\t\t\t\twidth=\"250\"\n\t\t\t\t\t\t\t\t\t\theight=\"250\"\n\t\t\t\t\t\t\t\t\t\tstyle=\"max-width:100%;\"\/>\n\t\t\t\t\t\t\t\t<\/a>\n\t\t\t\t\t\t\t\t\t\t\t\t\t\t\t\t\t<span style=\"max-width: 250px\">\n\t\t\t\t\t\t\t\t\t\t<strong>Dunje<\/strong><br \/>30,5x60cm, 2023.\t\t\t\t\t\t\t\t\t<\/span>\n\t\t\t\t\t\t\t\t\t\t\t\t\t\t\t<\/div>\n\t\t\t\t\t\t\t\t\t\t\t<\/div>\n\t\t\t\t\t\t\t\t\t\t<\/div>\n\n\t\n\t\t\t<div class='ngg-clear'><\/div>\t<\/div>\n\n\n","protected":false},"excerpt":{"rendered":"<p>Za informacije o cenama i dostupnosti slika u prodajnoj galeriji,ili za mogu\u0107nost poru\u010divanja nekog motiva,budite slobodni da mi se obratite na email: jtomasevicm@gmail.com ili na broj&nbsp; telefona +381.63.809.5944&nbsp; &nbsp; Tako\u0111e,slobodnih slika, mo\u017eete prona\u0107i u galerijama [&hellip;]<\/p>\n","protected":false},"author":1,"featured_media":0,"parent":0,"menu_order":0,"comment_status":"open","ping_status":"open","template":"","meta":{"ngg_post_thumbnail":0,"footnotes":""},"_links":{"self":[{"href":"https:\/\/jovicatomasevic.com\/jt\/wp-json\/wp\/v2\/pages\/242"}],"collection":[{"href":"https:\/\/jovicatomasevic.com\/jt\/wp-json\/wp\/v2\/pages"}],"about":[{"href":"https:\/\/jovicatomasevic.com\/jt\/wp-json\/wp\/v2\/types\/page"}],"author":[{"embeddable":true,"href":"https:\/\/jovicatomasevic.com\/jt\/wp-json\/wp\/v2\/users\/1"}],"replies":[{"embeddable":true,"href":"https:\/\/jovicatomasevic.com\/jt\/wp-json\/wp\/v2\/comments?post=242"}],"version-history":[{"count":0,"href":"https:\/\/jovicatomasevic.com\/jt\/wp-json\/wp\/v2\/pages\/242\/revisions"}],"wp:attachment":[{"href":"https:\/\/jovicatomasevic.com\/jt\/wp-json\/wp\/v2\/media?parent=242"}],"curies":[{"name":"wp","href":"https:\/\/api.w.org\/{rel}","templated":true}]}}