{"id":2,"date":"2014-07-25T14:04:58","date_gmt":"2014-07-25T14:04:58","guid":{"rendered":"http:\/\/jovicatomasevic.com\/jt\/?page_id=2"},"modified":"2014-08-27T10:20:48","modified_gmt":"2014-08-27T10:20:48","slug":"sample-page","status":"publish","type":"page","link":"https:\/\/jovicatomasevic.com\/jt\/","title":{"rendered":"Naslovna"},"content":{"rendered":"<p style=\"text-align: center;\"><em>&#8230;U vremenima kada ve\u0107ina pravu umetnost progla\u0161ava mrtvom, kada je civilizacijski otpad sakupljen na jedno mesto \u201cgenijalno novo umetni\u010dko delo\u201d, kada se \u017eivi petsto na sat, ovaj panonac usamljeni\u010dki, temeljno i kao stari majstori, sla\u017ee emocije, boje i iskustvo uprkos svakodnevnom beznadju i kreativnoj nemo\u0107i koja \u0107e ipak nestati, zahvaljuju\u0107i ovakvim posve\u0107enicima, kao na\u0161e Panonsko more.<\/em><\/p>\n","protected":false},"excerpt":{"rendered":"<p>&#8230;U vremenima kada ve\u0107ina pravu umetnost progla\u0161ava mrtvom, kada je civilizacijski otpad sakupljen na jedno mesto \u201cgenijalno novo umetni\u010dko delo\u201d, kada se \u017eivi petsto na sat, ovaj panonac usamljeni\u010dki, temeljno i kao stari majstori, sla\u017ee [&hellip;]<\/p>\n","protected":false},"author":1,"featured_media":0,"parent":0,"menu_order":0,"comment_status":"open","ping_status":"open","template":"","meta":{"ngg_post_thumbnail":0,"footnotes":""},"_links":{"self":[{"href":"https:\/\/jovicatomasevic.com\/jt\/wp-json\/wp\/v2\/pages\/2"}],"collection":[{"href":"https:\/\/jovicatomasevic.com\/jt\/wp-json\/wp\/v2\/pages"}],"about":[{"href":"https:\/\/jovicatomasevic.com\/jt\/wp-json\/wp\/v2\/types\/page"}],"author":[{"embeddable":true,"href":"https:\/\/jovicatomasevic.com\/jt\/wp-json\/wp\/v2\/users\/1"}],"replies":[{"embeddable":true,"href":"https:\/\/jovicatomasevic.com\/jt\/wp-json\/wp\/v2\/comments?post=2"}],"version-history":[{"count":0,"href":"https:\/\/jovicatomasevic.com\/jt\/wp-json\/wp\/v2\/pages\/2\/revisions"}],"wp:attachment":[{"href":"https:\/\/jovicatomasevic.com\/jt\/wp-json\/wp\/v2\/media?parent=2"}],"curies":[{"name":"wp","href":"https:\/\/api.w.org\/{rel}","templated":true}]}}